{"id":135,"date":"2021-01-19T11:40:31","date_gmt":"2021-01-19T10:40:31","guid":{"rendered":"http:\/\/jeuneselusdefrance.fr\/home\/?page_id=135"},"modified":"2021-01-29T16:21:42","modified_gmt":"2021-01-29T15:21:42","slug":"a-propos","status":"publish","type":"page","link":"http:\/\/jeuneselusdefrance.fr\/home\/a-propos\/","title":{"rendered":"A propos"},"content":{"rendered":"\n<ul class=\"wp-block-list\"><li><a rel=\"noreferrer noopener\" href=\"http:\/\/jeuneselusdefrance.fr\/cgu\/cgu.pdf\" target=\"_blank\">Conditions G\u00e9n\u00e9rales d&rsquo;Utilisation<\/a><\/li><\/ul>\n\n\n\n<ul class=\"wp-block-list\"><li><a href=\"https:\/\/jeuneselusdefrance.fr\/home\/politique-de-confidentialite\/\" data-type=\"page\" data-id=\"3\">Politique de confidentialit\u00e9<\/a><\/li><\/ul>\n\n\n\n<ul class=\"wp-block-list\"><li>Contact Service Informatique : si@jeuneselusdefrance.fr<\/li><\/ul>\n","protected":false},"excerpt":{"rendered":"<p>Conditions G\u00e9n\u00e9rales d&rsquo;Utilisation Politique de confidentialit\u00e9 Contact Service Informatique : si@jeuneselusdefrance.fr<\/p>\n","protected":false},"author":1,"featured_media":0,"parent":0,"menu_order":0,"comment_status":"closed","ping_status":"closed","template":"","meta":{"neve_meta_sidebar":"","neve_meta_container":"","neve_meta_enable_content_width":"","neve_meta_content_width":0,"neve_meta_title_alignment":"","neve_meta_author_avatar":"","neve_post_elements_order":"","neve_meta_disable_header":"","neve_meta_disable_footer":"","neve_meta_disable_title":"","footnotes":""},"class_list":["post-135","page","type-page","status-publish","hentry"],"_links":{"self":[{"href":"http:\/\/jeuneselusdefrance.fr\/home\/wp-json\/wp\/v2\/pages\/135","targetHints":{"allow":["GET"]}}],"collection":[{"href":"http:\/\/jeuneselusdefrance.fr\/home\/wp-json\/wp\/v2\/pages"}],"about":[{"href":"http:\/\/jeuneselusdefrance.fr\/home\/wp-json\/wp\/v2\/types\/page"}],"author":[{"embeddable":true,"href":"http:\/\/jeuneselusdefrance.fr\/home\/wp-json\/wp\/v2\/users\/1"}],"replies":[{"embeddable":true,"href":"http:\/\/jeuneselusdefrance.fr\/home\/wp-json\/wp\/v2\/comments?post=135"}],"version-history":[{"count":5,"href":"http:\/\/jeuneselusdefrance.fr\/home\/wp-json\/wp\/v2\/pages\/135\/revisions"}],"predecessor-version":[{"id":258,"href":"http:\/\/jeuneselusdefrance.fr\/home\/wp-json\/wp\/v2\/pages\/135\/revisions\/258"}],"wp:attachment":[{"href":"http:\/\/jeuneselusdefrance.fr\/home\/wp-json\/wp\/v2\/media?parent=135"}],"curies":[{"name":"wp","href":"https:\/\/api.w.org\/{rel}","templated":true}]}}